{"id":71,"date":"2020-08-26T14:48:04","date_gmt":"2020-08-26T19:48:04","guid":{"rendered":"https:\/\/molesvirrey.com\/tienda\/?post_type=product&#038;p=71"},"modified":"2025-07-18T19:59:43","modified_gmt":"2025-07-19T00:59:43","slug":"pinole","status":"publish","type":"product","link":"https:\/\/molesvirrey.com\/tienda\/producto\/pinole\/","title":{"rendered":"PINOLE"},"content":{"rendered":"<p>Receta casera elaborado con el tradicional ma\u00edz rojo tostado molido, con an\u00eds, canela y az\u00facar.<\/p>\n","protected":false},"excerpt":{"rendered":"<p>Receta casera elaborado con el tradicional ma\u00edz rojo tostado molido, con an\u00eds, canela y az\u00facar.<\/p>\n","protected":false},"featured_media":897,"comment_status":"open","ping_status":"closed","template":"","meta":{"_joinchat":[]},"product_cat":[21,267],"product_tag":[264,150,238,263,262],"class_list":{"0":"post-71","1":"product","2":"type-product","3":"status-publish","4":"has-post-thumbnail","6":"product_cat-moles","7":"product_cat-moles-polvo","8":"product_tag-casero","9":"product_tag-maiz","10":"product_tag-molido","11":"product_tag-tostado","12":"product_tag-tradicional","14":"first","15":"instock","16":"taxable","17":"shipping-taxable","18":"purchasable","19":"product-type-variable","20":"has-default-attributes"},"yoast_head":"<!-- This site is optimized with the Yoast SEO plugin v23.6 - https:\/\/yoast.com\/wordpress\/plugins\/seo\/ -->\n<title>PINOLE &#183; Moles Virrey<\/title>\n<meta name=\"robots\" content=\"index, follow, max-snippet:-1, max-image-preview:large, max-video-preview:-1\" \/>\n<link rel=\"canonical\" href=\"https:\/\/molesvirrey.com\/tienda\/producto\/pinole\/\" \/>\n<meta property=\"og:locale\" content=\"es_MX\" \/>\n<meta property=\"og:type\" content=\"article\" \/>\n<meta property=\"og:title\" content=\"PINOLE &#183; Moles Virrey\" \/>\n<meta property=\"og:description\" content=\"Receta casera elaborado con el tradicional ma\u00edz rojo tostado molido, con an\u00eds, canela y az\u00facar.\" \/>\n<meta property=\"og:url\" content=\"https:\/\/molesvirrey.com\/tienda\/producto\/pinole\/\" \/>\n<meta property=\"og:site_name\" content=\"Moles Virrey\" \/>\n<meta property=\"article:publisher\" content=\"https:\/\/www.facebook.com\/molesvirrey\/\" \/>\n<meta property=\"article:modified_time\" content=\"2025-07-19T00:59:43+00:00\" \/>\n<meta property=\"og:image\" content=\"https:\/\/molesvirrey.com\/tienda\/wp-content\/uploads\/2020\/09\/PINOLE.jpg\" \/>\n\t<meta property=\"og:image:width\" content=\"533\" \/>\n\t<meta property=\"og:image:height\" content=\"533\" \/>\n\t<meta property=\"og:image:type\" content=\"image\/jpeg\" \/>\n<meta name=\"twitter:card\" content=\"summary_large_image\" \/>\n<script type=\"application\/ld+json\" class=\"yoast-schema-graph\">{\"@context\":\"https:\/\/schema.org\",\"@graph\":[{\"@type\":\"WebPage\",\"@id\":\"https:\/\/molesvirrey.com\/tienda\/producto\/pinole\/\",\"url\":\"https:\/\/molesvirrey.com\/tienda\/producto\/pinole\/\",\"name\":\"PINOLE &#183; Moles Virrey\",\"isPartOf\":{\"@id\":\"https:\/\/molesvirrey.com\/tienda\/#website\"},\"primaryImageOfPage\":{\"@id\":\"https:\/\/molesvirrey.com\/tienda\/producto\/pinole\/#primaryimage\"},\"image\":{\"@id\":\"https:\/\/molesvirrey.com\/tienda\/producto\/pinole\/#primaryimage\"},\"thumbnailUrl\":\"https:\/\/molesvirrey.com\/tienda\/wp-content\/uploads\/2020\/09\/PINOLE.jpg\",\"datePublished\":\"2020-08-26T19:48:04+00:00\",\"dateModified\":\"2025-07-19T00:59:43+00:00\",\"breadcrumb\":{\"@id\":\"https:\/\/molesvirrey.com\/tienda\/producto\/pinole\/#breadcrumb\"},\"inLanguage\":\"es\",\"potentialAction\":[{\"@type\":\"ReadAction\",\"target\":[\"https:\/\/molesvirrey.com\/tienda\/producto\/pinole\/\"]}]},{\"@type\":\"ImageObject\",\"inLanguage\":\"es\",\"@id\":\"https:\/\/molesvirrey.com\/tienda\/producto\/pinole\/#primaryimage\",\"url\":\"https:\/\/molesvirrey.com\/tienda\/wp-content\/uploads\/2020\/09\/PINOLE.jpg\",\"contentUrl\":\"https:\/\/molesvirrey.com\/tienda\/wp-content\/uploads\/2020\/09\/PINOLE.jpg\",\"width\":533,\"height\":533},{\"@type\":\"BreadcrumbList\",\"@id\":\"https:\/\/molesvirrey.com\/tienda\/producto\/pinole\/#breadcrumb\",\"itemListElement\":[{\"@type\":\"ListItem\",\"position\":1,\"name\":\"Inicio\",\"item\":\"https:\/\/molesvirrey.com\/tienda\/\"},{\"@type\":\"ListItem\",\"position\":2,\"name\":\"Tienda\",\"item\":\"https:\/\/molesvirrey.com\/tienda\/\"},{\"@type\":\"ListItem\",\"position\":3,\"name\":\"PINOLE\"}]},{\"@type\":\"WebSite\",\"@id\":\"https:\/\/molesvirrey.com\/tienda\/#website\",\"url\":\"https:\/\/molesvirrey.com\/tienda\/\",\"name\":\"Moles Virrey\",\"description\":\"Tienda online oficial\",\"publisher\":{\"@id\":\"https:\/\/molesvirrey.com\/tienda\/#organization\"},\"potentialAction\":[{\"@type\":\"SearchAction\",\"target\":{\"@type\":\"EntryPoint\",\"urlTemplate\":\"https:\/\/molesvirrey.com\/tienda\/?s={search_term_string}\"},\"query-input\":{\"@type\":\"PropertyValueSpecification\",\"valueRequired\":true,\"valueName\":\"search_term_string\"}}],\"inLanguage\":\"es\"},{\"@type\":\"Organization\",\"@id\":\"https:\/\/molesvirrey.com\/tienda\/#organization\",\"name\":\"Moles Virrey\",\"url\":\"https:\/\/molesvirrey.com\/tienda\/\",\"logo\":{\"@type\":\"ImageObject\",\"inLanguage\":\"es\",\"@id\":\"https:\/\/molesvirrey.com\/tienda\/#\/schema\/logo\/image\/\",\"url\":\"https:\/\/molesvirrey.com\/tienda\/wp-content\/uploads\/2020\/08\/logo-01-1.png\",\"contentUrl\":\"https:\/\/molesvirrey.com\/tienda\/wp-content\/uploads\/2020\/08\/logo-01-1.png\",\"width\":290,\"height\":94,\"caption\":\"Moles Virrey\"},\"image\":{\"@id\":\"https:\/\/molesvirrey.com\/tienda\/#\/schema\/logo\/image\/\"},\"sameAs\":[\"https:\/\/www.facebook.com\/molesvirrey\/\"]}]}<\/script>\n<!-- \/ Yoast SEO plugin. -->","yoast_head_json":{"title":"PINOLE &#183; Moles Virrey","robots":{"index":"index","follow":"follow","max-snippet":"max-snippet:-1","max-image-preview":"max-image-preview:large","max-video-preview":"max-video-preview:-1"},"canonical":"https:\/\/molesvirrey.com\/tienda\/producto\/pinole\/","og_locale":"es_MX","og_type":"article","og_title":"PINOLE &#183; Moles Virrey","og_description":"Receta casera elaborado con el tradicional ma\u00edz rojo tostado molido, con an\u00eds, canela y az\u00facar.","og_url":"https:\/\/molesvirrey.com\/tienda\/producto\/pinole\/","og_site_name":"Moles Virrey","article_publisher":"https:\/\/www.facebook.com\/molesvirrey\/","article_modified_time":"2025-07-19T00:59:43+00:00","og_image":[{"width":533,"height":533,"url":"https:\/\/molesvirrey.com\/tienda\/wp-content\/uploads\/2020\/09\/PINOLE.jpg","type":"image\/jpeg"}],"twitter_card":"summary_large_image","schema":{"@context":"https:\/\/schema.org","@graph":[{"@type":"WebPage","@id":"https:\/\/molesvirrey.com\/tienda\/producto\/pinole\/","url":"https:\/\/molesvirrey.com\/tienda\/producto\/pinole\/","name":"PINOLE &#183; Moles Virrey","isPartOf":{"@id":"https:\/\/molesvirrey.com\/tienda\/#website"},"primaryImageOfPage":{"@id":"https:\/\/molesvirrey.com\/tienda\/producto\/pinole\/#primaryimage"},"image":{"@id":"https:\/\/molesvirrey.com\/tienda\/producto\/pinole\/#primaryimage"},"thumbnailUrl":"https:\/\/molesvirrey.com\/tienda\/wp-content\/uploads\/2020\/09\/PINOLE.jpg","datePublished":"2020-08-26T19:48:04+00:00","dateModified":"2025-07-19T00:59:43+00:00","breadcrumb":{"@id":"https:\/\/molesvirrey.com\/tienda\/producto\/pinole\/#breadcrumb"},"inLanguage":"es","potentialAction":[{"@type":"ReadAction","target":["https:\/\/molesvirrey.com\/tienda\/producto\/pinole\/"]}]},{"@type":"ImageObject","inLanguage":"es","@id":"https:\/\/molesvirrey.com\/tienda\/producto\/pinole\/#primaryimage","url":"https:\/\/molesvirrey.com\/tienda\/wp-content\/uploads\/2020\/09\/PINOLE.jpg","contentUrl":"https:\/\/molesvirrey.com\/tienda\/wp-content\/uploads\/2020\/09\/PINOLE.jpg","width":533,"height":533},{"@type":"BreadcrumbList","@id":"https:\/\/molesvirrey.com\/tienda\/producto\/pinole\/#breadcrumb","itemListElement":[{"@type":"ListItem","position":1,"name":"Inicio","item":"https:\/\/molesvirrey.com\/tienda\/"},{"@type":"ListItem","position":2,"name":"Tienda","item":"https:\/\/molesvirrey.com\/tienda\/"},{"@type":"ListItem","position":3,"name":"PINOLE"}]},{"@type":"WebSite","@id":"https:\/\/molesvirrey.com\/tienda\/#website","url":"https:\/\/molesvirrey.com\/tienda\/","name":"Moles Virrey","description":"Tienda online oficial","publisher":{"@id":"https:\/\/molesvirrey.com\/tienda\/#organization"},"potentialAction":[{"@type":"SearchAction","target":{"@type":"EntryPoint","urlTemplate":"https:\/\/molesvirrey.com\/tienda\/?s={search_term_string}"},"query-input":{"@type":"PropertyValueSpecification","valueRequired":true,"valueName":"search_term_string"}}],"inLanguage":"es"},{"@type":"Organization","@id":"https:\/\/molesvirrey.com\/tienda\/#organization","name":"Moles Virrey","url":"https:\/\/molesvirrey.com\/tienda\/","logo":{"@type":"ImageObject","inLanguage":"es","@id":"https:\/\/molesvirrey.com\/tienda\/#\/schema\/logo\/image\/","url":"https:\/\/molesvirrey.com\/tienda\/wp-content\/uploads\/2020\/08\/logo-01-1.png","contentUrl":"https:\/\/molesvirrey.com\/tienda\/wp-content\/uploads\/2020\/08\/logo-01-1.png","width":290,"height":94,"caption":"Moles Virrey"},"image":{"@id":"https:\/\/molesvirrey.com\/tienda\/#\/schema\/logo\/image\/"},"sameAs":["https:\/\/www.facebook.com\/molesvirrey\/"]}]}},"_links":{"self":[{"href":"https:\/\/molesvirrey.com\/tienda\/wp-json\/wp\/v2\/product\/71"}],"collection":[{"href":"https:\/\/molesvirrey.com\/tienda\/wp-json\/wp\/v2\/product"}],"about":[{"href":"https:\/\/molesvirrey.com\/tienda\/wp-json\/wp\/v2\/types\/product"}],"replies":[{"embeddable":true,"href":"https:\/\/molesvirrey.com\/tienda\/wp-json\/wp\/v2\/comments?post=71"}],"wp:featuredmedia":[{"embeddable":true,"href":"https:\/\/molesvirrey.com\/tienda\/wp-json\/wp\/v2\/media\/897"}],"wp:attachment":[{"href":"https:\/\/molesvirrey.com\/tienda\/wp-json\/wp\/v2\/media?parent=71"}],"wp:term":[{"taxonomy":"product_cat","embeddable":true,"href":"https:\/\/molesvirrey.com\/tienda\/wp-json\/wp\/v2\/product_cat?post=71"},{"taxonomy":"product_tag","embeddable":true,"href":"https:\/\/molesvirrey.com\/tienda\/wp-json\/wp\/v2\/product_tag?post=71"}],"curies":[{"name":"wp","href":"https:\/\/api.w.org\/{rel}","templated":true}]}}